{"id":2438,"date":"2021-10-13T14:16:30","date_gmt":"2021-10-13T12:16:30","guid":{"rendered":"https:\/\/placeofgems.com\/ueber-uns\/"},"modified":"2024-07-16T13:13:36","modified_gmt":"2024-07-16T11:13:36","slug":"ueber-uns","status":"publish","type":"page","link":"https:\/\/placeofgems.com\/de\/ueber-uns\/","title":{"rendered":"\u00dcber uns"},"content":{"rendered":"\t\t<div data-elementor-type=\"wp-page\" data-elementor-id=\"2438\" class=\"elementor elementor-2438 elementor-1023\" data-elementor-post-type=\"page\">\n\t\t\t\t\t\t<section class=\"elementor-section elementor-top-section elementor-element elementor-element-4e790008 elementor-section-height-min-height elementor-section-items-bottom elementor-section-boxed elementor-section-height-default\" data-id=\"4e790008\" data-element_type=\"section\" data-settings=\"{&quot;background_background&quot;:&quot;classic&quot;}\">\n\t\t\t\t\t\t\t<div class=\"elementor-background-overlay\"><\/div>\n\t\t\t\t\t\t\t<div class=\"elementor-container elementor-column-gap-default\">\n\t\t\t\t\t<div class=\"elementor-column elementor-col-100 elementor-top-column elementor-element elementor-element-133e5b18\" data-id=\"133e5b18\" data-element_type=\"column\">\n\t\t\t<div class=\"elementor-widget-wrap elementor-element-populated\">\n\t\t\t\t\t\t<section class=\"elementor-section elementor-inner-section elementor-element elementor-element-4b870d4f elementor-section-boxed elementor-section-height-default elementor-section-height-default\" data-id=\"4b870d4f\" data-element_type=\"section\">\n\t\t\t\t\t\t<div class=\"elementor-container elementor-column-gap-default\">\n\t\t\t\t\t<div class=\"elementor-column elementor-col-100 elementor-inner-column elementor-element elementor-element-57433b77\" data-id=\"57433b77\" data-element_type=\"column\">\n\t\t\t<div class=\"elementor-widget-wrap elementor-element-populated\">\n\t\t\t\t\t\t<div class=\"elementor-element elementor-element-78fbe582 elementor-widget elementor-widget-heading\" data-id=\"78fbe582\" data-element_type=\"widget\" data-widget_type=\"heading.default\">\n\t\t\t\t<div class=\"elementor-widget-container\">\n\t\t\t<h1 class=\"elementor-heading-title elementor-size-default\">\u00dcber uns<\/h1>\t\t<\/div>\n\t\t\t\t<\/div>\n\t\t\t\t<div class=\"elementor-element elementor-element-50b0a298 elementor-widget elementor-widget-image\" data-id=\"50b0a298\" data-element_type=\"widget\" data-widget_type=\"image.default\">\n\t\t\t\t<div class=\"elementor-widget-container\">\n\t\t\t\t\t\t\t\t\t\t\t\t\t<img fetchpriority=\"high\" decoding=\"async\" width=\"500\" height=\"134\" src=\"https:\/\/placeofgems.com\/wp-content\/uploads\/2021\/06\/image-section-60-min.png\" class=\"attachment-full size-full wp-image-486\" alt=\"\" srcset=\"https:\/\/placeofgems.com\/wp-content\/uploads\/2021\/06\/image-section-60-min.png 500w, https:\/\/placeofgems.com\/wp-content\/uploads\/2021\/06\/image-section-60-min-300x80.png 300w\" sizes=\"(max-width: 500px) 100vw, 500px\" \/>\t\t\t\t\t\t\t\t\t\t\t\t\t<\/div>\n\t\t\t\t<\/div>\n\t\t\t\t\t<\/div>\n\t\t<\/div>\n\t\t\t\t\t<\/div>\n\t\t<\/section>\n\t\t\t\t<div class=\"elementor-element elementor-element-1dff102d elementor-widget elementor-widget-image\" data-id=\"1dff102d\" data-element_type=\"widget\" data-widget_type=\"image.default\">\n\t\t\t\t<div class=\"elementor-widget-container\">\n\t\t\t\t\t\t\t\t\t\t\t\t\t<img decoding=\"async\" width=\"300\" height=\"204\" src=\"https:\/\/placeofgems.com\/wp-content\/uploads\/2021\/08\/image-section-61-min.png\" class=\"attachment-full size-full wp-image-627\" alt=\"\" \/>\t\t\t\t\t\t\t\t\t\t\t\t\t<\/div>\n\t\t\t\t<\/div>\n\t\t\t\t\t<\/div>\n\t\t<\/div>\n\t\t\t\t\t<\/div>\n\t\t<\/section>\n\t\t\t\t<section class=\"elementor-section elementor-top-section elementor-element elementor-element-589ce8bb elementor-section-boxed elementor-section-height-default elementor-section-height-default\" data-id=\"589ce8bb\" data-element_type=\"section\" data-settings=\"{&quot;background_background&quot;:&quot;classic&quot;}\">\n\t\t\t\t\t\t<div class=\"elementor-container elementor-column-gap-default\">\n\t\t\t\t\t<div class=\"elementor-column elementor-col-100 elementor-top-column elementor-element elementor-element-5fc0ff45\" data-id=\"5fc0ff45\" data-element_type=\"column\">\n\t\t\t<div class=\"elementor-widget-wrap elementor-element-populated\">\n\t\t\t\t\t\t<section class=\"elementor-section elementor-inner-section elementor-element elementor-element-3e8f677c elementor-section-full_width elementor-section-height-default elementor-section-height-default\" data-id=\"3e8f677c\" data-element_type=\"section\">\n\t\t\t\t\t\t<div class=\"elementor-container elementor-column-gap-default\">\n\t\t\t\t\t<div class=\"elementor-column elementor-col-50 elementor-inner-column elementor-element elementor-element-4c4db0fe\" data-id=\"4c4db0fe\" data-element_type=\"column\">\n\t\t\t<div class=\"elementor-widget-wrap elementor-element-populated\">\n\t\t\t\t\t\t<div class=\"elementor-element elementor-element-7ecee17 elementor-widget elementor-widget-heading\" data-id=\"7ecee17\" data-element_type=\"widget\" data-widget_type=\"heading.default\">\n\t\t\t\t<div class=\"elementor-widget-container\">\n\t\t\t<h6 class=\"elementor-heading-title elementor-size-default\">Luxus gepaart mit Einfachheit<\/h6>\t\t<\/div>\n\t\t\t\t<\/div>\n\t\t\t\t<div class=\"elementor-element elementor-element-fba6ff2 elementor-widget elementor-widget-heading\" data-id=\"fba6ff2\" data-element_type=\"widget\" data-widget_type=\"heading.default\">\n\t\t\t\t<div class=\"elementor-widget-container\">\n\t\t\t<h2 class=\"elementor-heading-title elementor-size-default\">\u00dcber Place Of Gems<\/h2>\t\t<\/div>\n\t\t\t\t<\/div>\n\t\t\t\t<div class=\"elementor-element elementor-element-5a6b8412 elementor-widget elementor-widget-image\" data-id=\"5a6b8412\" data-element_type=\"widget\" data-widget_type=\"image.default\">\n\t\t\t\t<div class=\"elementor-widget-container\">\n\t\t\t\t\t\t\t\t\t\t\t\t\t<img fetchpriority=\"high\" decoding=\"async\" width=\"500\" height=\"134\" src=\"https:\/\/placeofgems.com\/wp-content\/uploads\/2021\/06\/image-section-60-min.png\" class=\"attachment-full size-full wp-image-486\" alt=\"\" srcset=\"https:\/\/placeofgems.com\/wp-content\/uploads\/2021\/06\/image-section-60-min.png 500w, https:\/\/placeofgems.com\/wp-content\/uploads\/2021\/06\/image-section-60-min-300x80.png 300w\" sizes=\"(max-width: 500px) 100vw, 500px\" \/>\t\t\t\t\t\t\t\t\t\t\t\t\t<\/div>\n\t\t\t\t<\/div>\n\t\t\t\t<div class=\"elementor-element elementor-element-1ec5ec98 elementor-widget elementor-widget-text-editor\" data-id=\"1ec5ec98\" data-element_type=\"widget\" data-widget_type=\"text-editor.default\">\n\t\t\t\t<div class=\"elementor-widget-container\">\n\t\t\t\t\t\t\t<p>Place of Gems informiert Sie gerne \u00fcber die wunderbare Welt der Edelsteine.<\/p>\t\t\t\t\t\t<\/div>\n\t\t\t\t<\/div>\n\t\t\t\t\t<\/div>\n\t\t<\/div>\n\t\t\t\t<div class=\"elementor-column elementor-col-50 elementor-inner-column elementor-element elementor-element-5d43190f\" data-id=\"5d43190f\" data-element_type=\"column\" data-settings=\"{&quot;background_background&quot;:&quot;classic&quot;}\">\n\t\t\t<div class=\"elementor-widget-wrap elementor-element-populated\">\n\t\t\t\t\t\t<div class=\"elementor-element elementor-element-20e21d70 elementor-widget elementor-widget-spacer\" data-id=\"20e21d70\" data-element_type=\"widget\" data-widget_type=\"spacer.default\">\n\t\t\t\t<div class=\"elementor-widget-container\">\n\t\t\t\t\t<div class=\"elementor-spacer\">\n\t\t\t<div class=\"elementor-spacer-inner\"><\/div>\n\t\t<\/div>\n\t\t\t\t<\/div>\n\t\t\t\t<\/div>\n\t\t\t\t\t<\/div>\n\t\t<\/div>\n\t\t\t\t\t<\/div>\n\t\t<\/section>\n\t\t\t\t\t<\/div>\n\t\t<\/div>\n\t\t\t\t\t<\/div>\n\t\t<\/section>\n\t\t\t\t<section class=\"elementor-section elementor-top-section elementor-element elementor-element-2b13db4 elementor-section-boxed elementor-section-height-default elementor-section-height-default\" data-id=\"2b13db4\" data-element_type=\"section\" data-settings=\"{&quot;background_background&quot;:&quot;classic&quot;}\">\n\t\t\t\t\t\t<div class=\"elementor-container elementor-column-gap-default\">\n\t\t\t\t\t<div class=\"elementor-column elementor-col-25 elementor-top-column elementor-element elementor-element-24db2c4\" data-id=\"24db2c4\" data-element_type=\"column\" data-settings=\"{&quot;background_background&quot;:&quot;classic&quot;}\">\n\t\t\t<div class=\"elementor-widget-wrap elementor-element-populated\">\n\t\t\t\t\t<div class=\"elementor-background-overlay\"><\/div>\n\t\t\t\t\t\t<div class=\"elementor-element elementor-element-d48068a elementor-widget elementor-widget-heading\" data-id=\"d48068a\" data-element_type=\"widget\" data-widget_type=\"heading.default\">\n\t\t\t\t<div class=\"elementor-widget-container\">\n\t\t\t<h3 class=\"elementor-heading-title elementor-size-default\"> Qualit\u00e4t<\/h3>\t\t<\/div>\n\t\t\t\t<\/div>\n\t\t\t\t<div class=\"elementor-element elementor-element-ea242b3 elementor-widget elementor-widget-image\" data-id=\"ea242b3\" data-element_type=\"widget\" data-widget_type=\"image.default\">\n\t\t\t\t<div class=\"elementor-widget-container\">\n\t\t\t\t\t\t\t\t\t\t\t\t\t<img fetchpriority=\"high\" decoding=\"async\" width=\"500\" height=\"134\" src=\"https:\/\/placeofgems.com\/wp-content\/uploads\/2021\/06\/image-section-60-min.png\" class=\"attachment-full size-full wp-image-486\" alt=\"\" srcset=\"https:\/\/placeofgems.com\/wp-content\/uploads\/2021\/06\/image-section-60-min.png 500w, https:\/\/placeofgems.com\/wp-content\/uploads\/2021\/06\/image-section-60-min-300x80.png 300w\" sizes=\"(max-width: 500px) 100vw, 500px\" \/>\t\t\t\t\t\t\t\t\t\t\t\t\t<\/div>\n\t\t\t\t<\/div>\n\t\t\t\t\t<\/div>\n\t\t<\/div>\n\t\t\t\t<div class=\"elementor-column elementor-col-25 elementor-top-column elementor-element elementor-element-07bcf70\" data-id=\"07bcf70\" data-element_type=\"column\" data-settings=\"{&quot;background_background&quot;:&quot;classic&quot;}\">\n\t\t\t<div class=\"elementor-widget-wrap elementor-element-populated\">\n\t\t\t\t\t<div class=\"elementor-background-overlay\"><\/div>\n\t\t\t\t\t\t<div class=\"elementor-element elementor-element-4e1de98 elementor-widget elementor-widget-heading\" data-id=\"4e1de98\" data-element_type=\"widget\" data-widget_type=\"heading.default\">\n\t\t\t\t<div class=\"elementor-widget-container\">\n\t\t\t<h3 class=\"elementor-heading-title elementor-size-default\"> Zuverl\u00e4ssigkeit<\/h3>\t\t<\/div>\n\t\t\t\t<\/div>\n\t\t\t\t<div class=\"elementor-element elementor-element-dd5598f elementor-widget elementor-widget-image\" data-id=\"dd5598f\" data-element_type=\"widget\" data-widget_type=\"image.default\">\n\t\t\t\t<div class=\"elementor-widget-container\">\n\t\t\t\t\t\t\t\t\t\t\t\t\t<img fetchpriority=\"high\" decoding=\"async\" width=\"500\" height=\"134\" src=\"https:\/\/placeofgems.com\/wp-content\/uploads\/2021\/06\/image-section-60-min.png\" class=\"attachment-full size-full wp-image-486\" alt=\"\" srcset=\"https:\/\/placeofgems.com\/wp-content\/uploads\/2021\/06\/image-section-60-min.png 500w, https:\/\/placeofgems.com\/wp-content\/uploads\/2021\/06\/image-section-60-min-300x80.png 300w\" sizes=\"(max-width: 500px) 100vw, 500px\" \/>\t\t\t\t\t\t\t\t\t\t\t\t\t<\/div>\n\t\t\t\t<\/div>\n\t\t\t\t\t<\/div>\n\t\t<\/div>\n\t\t\t\t<div class=\"elementor-column elementor-col-25 elementor-top-column elementor-element elementor-element-0915f0b\" data-id=\"0915f0b\" data-element_type=\"column\" data-settings=\"{&quot;background_background&quot;:&quot;classic&quot;}\">\n\t\t\t<div class=\"elementor-widget-wrap elementor-element-populated\">\n\t\t\t\t\t<div class=\"elementor-background-overlay\"><\/div>\n\t\t\t\t\t\t<div class=\"elementor-element elementor-element-7680a5e elementor-widget elementor-widget-heading\" data-id=\"7680a5e\" data-element_type=\"widget\" data-widget_type=\"heading.default\">\n\t\t\t\t<div class=\"elementor-widget-container\">\n\t\t\t<h3 class=\"elementor-heading-title elementor-size-default\"> Integrit\u00e4t<\/h3>\t\t<\/div>\n\t\t\t\t<\/div>\n\t\t\t\t<div class=\"elementor-element elementor-element-0a735d6 elementor-widget elementor-widget-image\" data-id=\"0a735d6\" data-element_type=\"widget\" data-widget_type=\"image.default\">\n\t\t\t\t<div class=\"elementor-widget-container\">\n\t\t\t\t\t\t\t\t\t\t\t\t\t<img fetchpriority=\"high\" decoding=\"async\" width=\"500\" height=\"134\" src=\"https:\/\/placeofgems.com\/wp-content\/uploads\/2021\/06\/image-section-60-min.png\" class=\"attachment-full size-full wp-image-486\" alt=\"\" srcset=\"https:\/\/placeofgems.com\/wp-content\/uploads\/2021\/06\/image-section-60-min.png 500w, https:\/\/placeofgems.com\/wp-content\/uploads\/2021\/06\/image-section-60-min-300x80.png 300w\" sizes=\"(max-width: 500px) 100vw, 500px\" \/>\t\t\t\t\t\t\t\t\t\t\t\t\t<\/div>\n\t\t\t\t<\/div>\n\t\t\t\t\t<\/div>\n\t\t<\/div>\n\t\t\t\t<div class=\"elementor-column elementor-col-25 elementor-top-column elementor-element elementor-element-f0262e2\" data-id=\"f0262e2\" data-element_type=\"column\" data-settings=\"{&quot;background_background&quot;:&quot;classic&quot;}\">\n\t\t\t<div class=\"elementor-widget-wrap elementor-element-populated\">\n\t\t\t\t\t<div class=\"elementor-background-overlay\"><\/div>\n\t\t\t\t\t\t<div class=\"elementor-element elementor-element-cdd7327 elementor-widget elementor-widget-heading\" data-id=\"cdd7327\" data-element_type=\"widget\" data-widget_type=\"heading.default\">\n\t\t\t\t<div class=\"elementor-widget-container\">\n\t\t\t<h3 class=\"elementor-heading-title elementor-size-default\"> Exzellenter Kundenservice<\/h3>\t\t<\/div>\n\t\t\t\t<\/div>\n\t\t\t\t<div class=\"elementor-element elementor-element-ecf3b7d elementor-widget elementor-widget-image\" data-id=\"ecf3b7d\" data-element_type=\"widget\" data-widget_type=\"image.default\">\n\t\t\t\t<div class=\"elementor-widget-container\">\n\t\t\t\t\t\t\t\t\t\t\t\t\t<img fetchpriority=\"high\" decoding=\"async\" width=\"500\" height=\"134\" src=\"https:\/\/placeofgems.com\/wp-content\/uploads\/2021\/06\/image-section-60-min.png\" class=\"attachment-full size-full wp-image-486\" alt=\"\" srcset=\"https:\/\/placeofgems.com\/wp-content\/uploads\/2021\/06\/image-section-60-min.png 500w, https:\/\/placeofgems.com\/wp-content\/uploads\/2021\/06\/image-section-60-min-300x80.png 300w\" sizes=\"(max-width: 500px) 100vw, 500px\" \/>\t\t\t\t\t\t\t\t\t\t\t\t\t<\/div>\n\t\t\t\t<\/div>\n\t\t\t\t\t<\/div>\n\t\t<\/div>\n\t\t\t\t\t<\/div>\n\t\t<\/section>\n\t\t\t\t<\/div>\n\t\t","protected":false},"excerpt":{"rendered":"<p>Luxus gepaart mit Einfachheit \u00dcber Place Of Gems Place of Gems informiert Sie gerne \u00fcber die wunderbare Welt der Edelsteine. Qualit\u00e4t Zuverl\u00e4ssigkeit Integrit\u00e4t Exzellenter Kundenservice<\/p>\n","protected":false},"author":1,"featured_media":2058,"parent":0,"menu_order":0,"comment_status":"closed","ping_status":"closed","template":"elementor_header_footer","meta":{"footnotes":""},"class_list":["post-2438","page","type-page","status-publish","has-post-thumbnail","hentry"],"yoast_head":"<!-- This site is optimized with the Yoast SEO plugin v23.6 - https:\/\/yoast.com\/wordpress\/plugins\/seo\/ -->\n<title>\u00dcber uns - Place of Gems<\/title>\n<meta name=\"description\" content=\"\u00dcber uns - Place of Gems hat durch unser kontinuierliches Engagement, den dynamischen Anforderungen der Kunden gerecht zu werden, Ma\u00dfst\u00e4be f\u00fcr Qualit\u00e4t und Einzigartigkeit gesetzt.\" \/>\n<meta name=\"robots\" content=\"index, follow, max-snippet:-1, max-image-preview:large, max-video-preview:-1\" \/>\n<link rel=\"canonical\" href=\"https:\/\/placeofgems.com\/about-us\/\" \/>\n<meta property=\"og:locale\" content=\"de_DE\" \/>\n<meta property=\"og:type\" content=\"article\" \/>\n<meta property=\"og:title\" content=\"\u00dcber uns - Place of Gems\" \/>\n<meta property=\"og:description\" content=\"\u00dcber uns - Place of Gems hat durch unser kontinuierliches Engagement, den dynamischen Anforderungen der Kunden gerecht zu werden, Ma\u00dfst\u00e4be f\u00fcr Qualit\u00e4t und Einzigartigkeit gesetzt.\" \/>\n<meta property=\"og:url\" content=\"https:\/\/placeofgems.com\/about-us\/\" \/>\n<meta property=\"og:site_name\" content=\"Place of Gems\" \/>\n<meta property=\"article:modified_time\" content=\"2024-07-16T11:13:36+00:00\" \/>\n<meta property=\"og:image\" content=\"https:\/\/placeofgems.com\/wp-content\/uploads\/2021\/06\/logo.png\" \/>\n\t<meta property=\"og:image:width\" content=\"200\" \/>\n\t<meta property=\"og:image:height\" content=\"200\" \/>\n\t<meta property=\"og:image:type\" content=\"image\/png\" \/>\n<meta name=\"twitter:card\" content=\"summary_large_image\" \/>\n<meta name=\"twitter:label1\" content=\"Gesch\u00e4tzte Lesezeit\" \/>\n\t<meta name=\"twitter:data1\" content=\"2\u00a0Minuten\" \/>\n<script type=\"application\/ld+json\" class=\"yoast-schema-graph\">{\"@context\":\"https:\/\/schema.org\",\"@graph\":[{\"@type\":\"WebPage\",\"@id\":\"https:\/\/placeofgems.com\/about-us\/\",\"url\":\"https:\/\/placeofgems.com\/about-us\/\",\"name\":\"\u00dcber uns - Place of Gems\",\"isPartOf\":{\"@id\":\"https:\/\/placeofgems.com\/#website\"},\"primaryImageOfPage\":{\"@id\":\"https:\/\/placeofgems.com\/about-us\/#primaryimage\"},\"image\":{\"@id\":\"https:\/\/placeofgems.com\/about-us\/#primaryimage\"},\"thumbnailUrl\":\"https:\/\/placeofgems.com\/wp-content\/uploads\/2021\/06\/logo.png\",\"datePublished\":\"2021-10-13T12:16:30+00:00\",\"dateModified\":\"2024-07-16T11:13:36+00:00\",\"description\":\"\u00dcber uns - Place of Gems hat durch unser kontinuierliches Engagement, den dynamischen Anforderungen der Kunden gerecht zu werden, Ma\u00dfst\u00e4be f\u00fcr Qualit\u00e4t und Einzigartigkeit gesetzt.\",\"breadcrumb\":{\"@id\":\"https:\/\/placeofgems.com\/about-us\/#breadcrumb\"},\"inLanguage\":\"de\",\"potentialAction\":[{\"@type\":\"ReadAction\",\"target\":[\"https:\/\/placeofgems.com\/about-us\/\"]}]},{\"@type\":\"ImageObject\",\"inLanguage\":\"de\",\"@id\":\"https:\/\/placeofgems.com\/about-us\/#primaryimage\",\"url\":\"https:\/\/placeofgems.com\/wp-content\/uploads\/2021\/06\/logo.png\",\"contentUrl\":\"https:\/\/placeofgems.com\/wp-content\/uploads\/2021\/06\/logo.png\",\"width\":200,\"height\":200,\"caption\":\"Place of Gems\"},{\"@type\":\"BreadcrumbList\",\"@id\":\"https:\/\/placeofgems.com\/about-us\/#breadcrumb\",\"itemListElement\":[{\"@type\":\"ListItem\",\"position\":1,\"name\":\"Home\",\"item\":\"https:\/\/placeofgems.com\/\"},{\"@type\":\"ListItem\",\"position\":2,\"name\":\"\u00dcber uns\"}]},{\"@type\":\"WebSite\",\"@id\":\"https:\/\/placeofgems.com\/#website\",\"url\":\"https:\/\/placeofgems.com\/\",\"name\":\"Place of Gems\",\"description\":\"Place of Gems official site\",\"publisher\":{\"@id\":\"https:\/\/placeofgems.com\/#organization\"},\"potentialAction\":[{\"@type\":\"SearchAction\",\"target\":{\"@type\":\"EntryPoint\",\"urlTemplate\":\"https:\/\/placeofgems.com\/?s={search_term_string}\"},\"query-input\":{\"@type\":\"PropertyValueSpecification\",\"valueRequired\":true,\"valueName\":\"search_term_string\"}}],\"inLanguage\":\"de\"},{\"@type\":\"Organization\",\"@id\":\"https:\/\/placeofgems.com\/#organization\",\"name\":\"Place of Gems\",\"url\":\"https:\/\/placeofgems.com\/\",\"logo\":{\"@type\":\"ImageObject\",\"inLanguage\":\"de\",\"@id\":\"https:\/\/placeofgems.com\/#\/schema\/logo\/image\/\",\"url\":\"https:\/\/placeofgems.com\/wp-content\/uploads\/2021\/08\/cropped-edit-new.png\",\"contentUrl\":\"https:\/\/placeofgems.com\/wp-content\/uploads\/2021\/08\/cropped-edit-new.png\",\"width\":300,\"height\":177,\"caption\":\"Place of Gems\"},\"image\":{\"@id\":\"https:\/\/placeofgems.com\/#\/schema\/logo\/image\/\"}}]}<\/script>\n<!-- \/ Yoast SEO plugin. -->","yoast_head_json":{"title":"\u00dcber uns - Place of Gems","description":"\u00dcber uns - Place of Gems hat durch unser kontinuierliches Engagement, den dynamischen Anforderungen der Kunden gerecht zu werden, Ma\u00dfst\u00e4be f\u00fcr Qualit\u00e4t und Einzigartigkeit gesetzt.","robots":{"index":"index","follow":"follow","max-snippet":"max-snippet:-1","max-image-preview":"max-image-preview:large","max-video-preview":"max-video-preview:-1"},"canonical":"https:\/\/placeofgems.com\/about-us\/","og_locale":"de_DE","og_type":"article","og_title":"\u00dcber uns - Place of Gems","og_description":"\u00dcber uns - Place of Gems hat durch unser kontinuierliches Engagement, den dynamischen Anforderungen der Kunden gerecht zu werden, Ma\u00dfst\u00e4be f\u00fcr Qualit\u00e4t und Einzigartigkeit gesetzt.","og_url":"https:\/\/placeofgems.com\/about-us\/","og_site_name":"Place of Gems","article_modified_time":"2024-07-16T11:13:36+00:00","og_image":[{"width":200,"height":200,"url":"https:\/\/placeofgems.com\/wp-content\/uploads\/2021\/06\/logo.png","type":"image\/png"}],"twitter_card":"summary_large_image","twitter_misc":{"Gesch\u00e4tzte Lesezeit":"2\u00a0Minuten"},"schema":{"@context":"https:\/\/schema.org","@graph":[{"@type":"WebPage","@id":"https:\/\/placeofgems.com\/about-us\/","url":"https:\/\/placeofgems.com\/about-us\/","name":"\u00dcber uns - Place of Gems","isPartOf":{"@id":"https:\/\/placeofgems.com\/#website"},"primaryImageOfPage":{"@id":"https:\/\/placeofgems.com\/about-us\/#primaryimage"},"image":{"@id":"https:\/\/placeofgems.com\/about-us\/#primaryimage"},"thumbnailUrl":"https:\/\/placeofgems.com\/wp-content\/uploads\/2021\/06\/logo.png","datePublished":"2021-10-13T12:16:30+00:00","dateModified":"2024-07-16T11:13:36+00:00","description":"\u00dcber uns - Place of Gems hat durch unser kontinuierliches Engagement, den dynamischen Anforderungen der Kunden gerecht zu werden, Ma\u00dfst\u00e4be f\u00fcr Qualit\u00e4t und Einzigartigkeit gesetzt.","breadcrumb":{"@id":"https:\/\/placeofgems.com\/about-us\/#breadcrumb"},"inLanguage":"de","potentialAction":[{"@type":"ReadAction","target":["https:\/\/placeofgems.com\/about-us\/"]}]},{"@type":"ImageObject","inLanguage":"de","@id":"https:\/\/placeofgems.com\/about-us\/#primaryimage","url":"https:\/\/placeofgems.com\/wp-content\/uploads\/2021\/06\/logo.png","contentUrl":"https:\/\/placeofgems.com\/wp-content\/uploads\/2021\/06\/logo.png","width":200,"height":200,"caption":"Place of Gems"},{"@type":"BreadcrumbList","@id":"https:\/\/placeofgems.com\/about-us\/#breadcrumb","itemListElement":[{"@type":"ListItem","position":1,"name":"Home","item":"https:\/\/placeofgems.com\/"},{"@type":"ListItem","position":2,"name":"\u00dcber uns"}]},{"@type":"WebSite","@id":"https:\/\/placeofgems.com\/#website","url":"https:\/\/placeofgems.com\/","name":"Place of Gems","description":"Place of Gems official site","publisher":{"@id":"https:\/\/placeofgems.com\/#organization"},"potentialAction":[{"@type":"SearchAction","target":{"@type":"EntryPoint","urlTemplate":"https:\/\/placeofgems.com\/?s={search_term_string}"},"query-input":{"@type":"PropertyValueSpecification","valueRequired":true,"valueName":"search_term_string"}}],"inLanguage":"de"},{"@type":"Organization","@id":"https:\/\/placeofgems.com\/#organization","name":"Place of Gems","url":"https:\/\/placeofgems.com\/","logo":{"@type":"ImageObject","inLanguage":"de","@id":"https:\/\/placeofgems.com\/#\/schema\/logo\/image\/","url":"https:\/\/placeofgems.com\/wp-content\/uploads\/2021\/08\/cropped-edit-new.png","contentUrl":"https:\/\/placeofgems.com\/wp-content\/uploads\/2021\/08\/cropped-edit-new.png","width":300,"height":177,"caption":"Place of Gems"},"image":{"@id":"https:\/\/placeofgems.com\/#\/schema\/logo\/image\/"}}]}},"_links":{"self":[{"href":"https:\/\/placeofgems.com\/de\/wp-json\/wp\/v2\/pages\/2438","targetHints":{"allow":["GET"]}}],"collection":[{"href":"https:\/\/placeofgems.com\/de\/wp-json\/wp\/v2\/pages"}],"about":[{"href":"https:\/\/placeofgems.com\/de\/wp-json\/wp\/v2\/types\/page"}],"author":[{"embeddable":true,"href":"https:\/\/placeofgems.com\/de\/wp-json\/wp\/v2\/users\/1"}],"replies":[{"embeddable":true,"href":"https:\/\/placeofgems.com\/de\/wp-json\/wp\/v2\/comments?post=2438"}],"version-history":[{"count":25,"href":"https:\/\/placeofgems.com\/de\/wp-json\/wp\/v2\/pages\/2438\/revisions"}],"predecessor-version":[{"id":3236,"href":"https:\/\/placeofgems.com\/de\/wp-json\/wp\/v2\/pages\/2438\/revisions\/3236"}],"wp:featuredmedia":[{"embeddable":true,"href":"https:\/\/placeofgems.com\/de\/wp-json\/wp\/v2\/media\/2058"}],"wp:attachment":[{"href":"https:\/\/placeofgems.com\/de\/wp-json\/wp\/v2\/media?parent=2438"}],"curies":[{"name":"wp","href":"https:\/\/api.w.org\/{rel}","templated":true}]}}